{"id":4861,"date":"2025-05-15T10:18:50","date_gmt":"2025-05-15T07:18:50","guid":{"rendered":"https:\/\/ankaragrupgida.com\/?page_id=4861"},"modified":"2025-08-06T09:16:46","modified_gmt":"2025-08-06T06:16:46","slug":"hizmetler","status":"publish","type":"page","link":"https:\/\/ankaragrupgida.com\/index.php\/hizmetler\/","title":{"rendered":"Hizmetler"},"content":{"rendered":"\t\t<div data-elementor-type=\"wp-page\" data-elementor-id=\"4861\" class=\"elementor elementor-4861\">\n\t\t\t\t\t\t\t        <section class=\"elementor-section elementor-top-section elementor-element elementor-element-e851822 elementor-section-boxed elementor-section-height-default elementor-section-height-default ct-header-fixed-none ct-row-max-none\" data-id=\"e851822\" data-element_type=\"section\">\n            \n                        <div class=\"elementor-container elementor-column-gap-default \">\n                    <div class=\"elementor-column elementor-col-100 elementor-top-column elementor-element elementor-element-f36822e\" data-id=\"f36822e\" data-element_type=\"column\">\n            <div class=\"elementor-widget-wrap elementor-element-populated\">\n                        \t\t<div class=\"elementor-element elementor-element-cebc1ba elementor-widget elementor-widget-ct_fancy_box_grid\" data-id=\"cebc1ba\" data-element_type=\"widget\" data-widget_type=\"ct_fancy_box_grid.default\">\n\t\t\t\t<div class=\"elementor-widget-container\">\n\t\t\t    <div id=\"ct_fancy_box_grid-cebc1ba\" class=\"ct-grid ct-fancy-box-grid ct-fancy-box-grid2\">\r\n        <div class=\"ct-grid-inner ct-grid-masonry row\" data-gutter=\"7\">\r\n                            <div class=\"grid-item col-xl-6 col-lg-6 col-md-6 col-sm-6 col-12\">\r\n                    <div class=\"item--inner same-height\">\r\n                                                    <div class=\"item--icon\">\r\n                                <i aria-hidden=\"true\" class=\"material zmdi zmdi-check-all\"><\/i>                                                            <\/div>\r\n                                                \r\n                        <h3 class=\"item--title\">    \r\n                            Nitelikli Personel Temini                        <\/h3>\r\n                        <div class=\"item--desc\">Sekt\u00f6r\u00fcn\u00fcze \u00f6zel ihtiya\u00e7lara y\u00f6nelik, do\u011fru yetenekleri en k\u0131sa s\u00fcrede bulman\u0131z\u0131 sa\u011flayan profesyonel Nitelikli Personel Temini hizmeti sunuyoruz.\n<\/div>\r\n                                           <\/div>\r\n                   <div class=\"item--shadow\"><\/div>\r\n                <\/div>\r\n                            <div class=\"grid-item col-xl-6 col-lg-6 col-md-6 col-sm-6 col-12\">\r\n                    <div class=\"item--inner same-height\">\r\n                                                    <div class=\"item--icon\">\r\n                                <i aria-hidden=\"true\" class=\"material zmdi zmdi-check-all\"><\/i>                                                            <\/div>\r\n                                                \r\n                        <h3 class=\"item--title\">    \r\n                            Yerinde Yemek \u00dcretimi                        <\/h3>\r\n                        <div class=\"item--desc\">M\u00fc\u015fterilerimizin kendi tesislerinde kurdu\u011fumuz hijyenik ve profesyonel mutfaklarda, sa\u011fl\u0131kl\u0131 ve lezzetli yemekleri yerinde \u00fcretim modeliyle sunuyoruz.<\/div>\r\n                                           <\/div>\r\n                   <div class=\"item--shadow\"><\/div>\r\n                <\/div>\r\n                            <div class=\"grid-item col-xl-6 col-lg-6 col-md-6 col-sm-6 col-12\">\r\n                    <div class=\"item--inner same-height\">\r\n                                                    <div class=\"item--icon\">\r\n                                <i aria-hidden=\"true\" class=\"material zmdi zmdi-check-all\"><\/i>                                                            <\/div>\r\n                                                \r\n                        <h3 class=\"item--title\">    \r\n                            Engelli Personel Temini                        <\/h3>\r\n                        <div class=\"item--desc\">\u201cEngelli bireylerin yeteneklerine ve i\u015f g\u00fcc\u00fcne de\u011fer katan bir yakla\u015f\u0131mla, kurumunuzun ihtiya\u00e7lar\u0131na uygun nitelikli engelli personel temini hizmeti sunuyoruz.<\/div>\r\n                                           <\/div>\r\n                   <div class=\"item--shadow\"><\/div>\r\n                <\/div>\r\n                            <div class=\"grid-item col-xl-6 col-lg-6 col-md-6 col-sm-6 col-12\">\r\n                    <div class=\"item--inner same-height\">\r\n                                                    <div class=\"item--icon\">\r\n                                <i aria-hidden=\"true\" class=\"material zmdi zmdi-check-all\"><\/i>                                                            <\/div>\r\n                                                \r\n                        <h3 class=\"item--title\">    \r\n                            G\u0131da \u00dcr\u00fcnleri Temini                        <\/h3>\r\n                        <div class=\"item--desc\">Taze, g\u00fcvenilir ve hijyenik g\u0131da \u00fcr\u00fcnlerini, kalite standartlar\u0131na uygun \u015fekilde i\u015fletmenize zaman\u0131nda ula\u015ft\u0131r\u0131yoruz.<\/div>\r\n                                           <\/div>\r\n                   <div class=\"item--shadow\"><\/div>\r\n                <\/div>\r\n                            <div class=\"grid-item col-xl-6 col-lg-6 col-md-6 col-sm-6 col-12\">\r\n                    <div class=\"item--inner same-height\">\r\n                                                    <div class=\"item--icon\">\r\n                                <i aria-hidden=\"true\" class=\"material zmdi zmdi-check-all\"><\/i>                                                            <\/div>\r\n                                                \r\n                        <h3 class=\"item--title\">    \r\n                            Temizlik \u00dcr\u00fcnleri Temini                        <\/h3>\r\n                        <div class=\"item--desc\">\u0130\u015fletmenizin hijyen standartlar\u0131n\u0131 koruman\u0131z i\u00e7in ihtiya\u00e7 duydu\u011funuz t\u00fcm temizlik \u00fcr\u00fcnlerini g\u00fcvenli, kaliteli ve zaman\u0131nda temin ediyoruz.<\/div>\r\n                                           <\/div>\r\n                   <div class=\"item--shadow\"><\/div>\r\n                <\/div>\r\n                        <div class=\"grid-sizer col-xl-6 col-lg-6 col-md-6 col-sm-6 col-12\"><\/div>\r\n        <\/div>\r\n    <\/div>\r\n\t\t<\/div>\n\t\t\t\t<\/div>\n\t\t            <\/div>\n        <\/div>\n                            <\/div>\n        <\/section>\n        \t\t\t\t\t<\/div>\n\t\t","protected":false},"excerpt":{"rendered":"<p>Nitelikli Personel Temini Sekt\u00f6r\u00fcn\u00fcze \u00f6zel ihtiya\u00e7lara y\u00f6nelik, do\u011fru yetenekleri en k\u0131sa s\u00fcrede bulman\u0131z\u0131 sa\u011flayan profesyonel Nitelikli Personel Temini hizmeti sunuyoruz. Yerinde Yemek \u00dcretimi M\u00fc\u015fterilerimizin kendi tesislerinde kurdu\u011fumuz hijyenik ve profesyonel mutfaklarda, sa\u011fl\u0131kl\u0131 ve lezzetli yemekleri yerinde \u00fcretim modeliyle sunuyoruz. Engelli Personel Temini \u201cEngelli bireylerin yeteneklerine ve i\u015f g\u00fcc\u00fcne de\u011fer katan bir yakla\u015f\u0131mla, kurumunuzun ihtiya\u00e7lar\u0131na uygun [&hellip;]<\/p>\n","protected":false},"author":1,"featured_media":0,"parent":0,"menu_order":0,"comment_status":"closed","ping_status":"closed","template":"","meta":{"footnotes":""},"class_list":["post-4861","page","type-page","status-publish","hentry"],"_links":{"self":[{"href":"https:\/\/ankaragrupgida.com\/index.php\/wp-json\/wp\/v2\/pages\/4861","targetHints":{"allow":["GET"]}}],"collection":[{"href":"https:\/\/ankaragrupgida.com\/index.php\/wp-json\/wp\/v2\/pages"}],"about":[{"href":"https:\/\/ankaragrupgida.com\/index.php\/wp-json\/wp\/v2\/types\/page"}],"author":[{"embeddable":true,"href":"https:\/\/ankaragrupgida.com\/index.php\/wp-json\/wp\/v2\/users\/1"}],"replies":[{"embeddable":true,"href":"https:\/\/ankaragrupgida.com\/index.php\/wp-json\/wp\/v2\/comments?post=4861"}],"version-history":[{"count":16,"href":"https:\/\/ankaragrupgida.com\/index.php\/wp-json\/wp\/v2\/pages\/4861\/revisions"}],"predecessor-version":[{"id":4896,"href":"https:\/\/ankaragrupgida.com\/index.php\/wp-json\/wp\/v2\/pages\/4861\/revisions\/4896"}],"wp:attachment":[{"href":"https:\/\/ankaragrupgida.com\/index.php\/wp-json\/wp\/v2\/media?parent=4861"}],"curies":[{"name":"wp","href":"https:\/\/api.w.org\/{rel}","templated":true}]}}